{"id":1184,"date":"2018-11-22T09:05:34","date_gmt":"2018-11-22T09:05:34","guid":{"rendered":"https:\/\/www.vialcobus.com\/politica-de-privacidad-redes-sociales\/"},"modified":"2022-11-15T15:54:15","modified_gmt":"2022-11-15T15:54:15","slug":"privacy-policy","status":"publish","type":"page","link":"https:\/\/www.vialcobus.com\/en\/privacy-policy\/","title":{"rendered":"Privacy policy"},"content":{"rendered":"<div class=\"wpb-content-wrapper\"><p>[vc_row css_animation=&#8221;&#8221; row_type=&#8221;row&#8221; use_row_as_full_screen_section=&#8221;no&#8221; type=&#8221;grid&#8221; angled_section=&#8221;no&#8221; text_align=&#8221;center&#8221; background_image_as_pattern=&#8221;without_pattern&#8221; z_index=&#8221;&#8221;][vc_column][vc_empty_space height=&#8221;100px&#8221;][vc_column_text]<\/p>\n<h1 style=\"text-align: center;\">POL\u00cdTICA DE PRIVACIDAD<\/h1>\n<p>[\/vc_column_text][vc_empty_space][vc_column_text]Fecha de \u00faltima actualizaci\u00f3n: 28\/10\/2021<\/p>\n<p><strong>\u00bfQUI\u00c9N ES EL RESPONSABLE DEL TRATAMIENTO?<\/strong><\/p>\n<ul>\n<li>Identidad del responsable. AUTOBUSES VIALCO SL (B46001632)<\/li>\n<li>Direcci\u00f3n f\u00edsica. C\/ COLON, 32 46290, ALCASSER (VALENCIA)<\/li>\n<li>Correo electr\u00f3nico. info@vialcobus.com<\/li>\n<li>Tel\u00e9fono. <a href=\"tel:+34961 230673\">961 230 673<\/a><\/li>\n<\/ul>\n<p><strong>\u00a0<\/strong><\/p>\n<p><strong>\u00bfQU\u00c9 DATOS PERSONALES TRATAMOS?<\/strong><\/p>\n<p>En el marco de los distintos tratamientos de actividades realizadas en la organizaci\u00f3n,\u00a0 se recaban los siguiente tipos:<\/p>\n<ul>\n<li><strong>Datos de car\u00e1cter identificativos.<\/strong><\/li>\n<\/ul>\n<p><strong>\u00bfCON QU\u00c9 FINALIDAD Y CASOS ESPEC\u00cdFICOS CON QUETRATAMOS LOS DATOS PERSONALES?<\/strong><\/p>\n<p>En <a href=\"http:\/\/www.vialcobus.com\">www.vialcobus.com<\/a> se tratan los datos personales con las siguientes finalidades:<\/p>\n<ul>\n<li><strong>Clientes:<\/strong> llevar a cabo la gesti\u00f3n de venta de bienes y servicios, facturaci\u00f3n, contabilidad, cobros, impagos, ofertas, presupuestos y contratos, atenci\u00f3n al cliente, contacto y relaciones comerciales.<\/li>\n<li><strong>Contacto:<\/strong> responder a las solicitudes de informaci\u00f3n recibidas sobre los productos y servicios que se ofrecen, as\u00ed como dar respuesta a cualquier otro tipo de pregunta que env\u00eden los usuarios.<\/li>\n<li><strong>Presupuestos:<\/strong> responder a las solicitudes de informaci\u00f3n recibidas sobre el servicio<\/li>\n<li><strong>Newletter:<\/strong> Enviar informaci\u00f3n a trav\u00e9s de los medios proporcionados acerca de las novedades, noticias, productos y servicios relacionados con nosotros o nuestro sector.<\/li>\n<\/ul>\n<p>Con los datos personales recabados no se elaboraran perfiles ni se realizar\u00e1n decisiones automatizadas.<\/p>\n<p>&nbsp;<\/p>\n<p><strong>\u00bfCU\u00c1L ES LA LEGITIMACI\u00d3N PARA EL TRATAMIENTO DE LOS DATOS?<\/strong><\/p>\n<p>En la organizaci\u00f3n se pueden tratar informaci\u00f3n de car\u00e1cter personal para:<\/p>\n<ul>\n<li><strong>Cumplimiento de obligaciones Legales y regulatorias: <\/strong>A t\u00edtulo enunciativo y no limitativo. Ley General para la Defensa de los Consumidores y Usuarios, Ley General Tributaria, Ley de Impuestos de Sociedades, Ley de Auditor\u00eda de Cuentas, Ley del Impuesto sobre el Valor A\u00f1adido, C\u00f3digo Civil, C\u00f3digo de Comercio.<\/li>\n<li><strong>Ejecuci\u00f3n de un Contrato:<\/strong> Informaci\u00f3n sobre los productos y\/o servicios contratados, gestionar solicitudes.<\/li>\n<li><strong>Consentimiento: <\/strong>Al acceder a nuestra web y rellenar los formularios o enviarnos datos a trav\u00e9s de los medios de contacto electr\u00f3nicos indicados, aceptas esta Pol\u00edtica de Privacidad. Es por ello, que nos basamos en el consentimiento del usuario para el tratamiento de sus datos. Adicionalmente, te informamos que s\u00f3lo usaremos la informaci\u00f3n de car\u00e1cter personal en virtud de esta Pol\u00edtica de Privacidad y, con car\u00e1cter general, solicitaremos tu consentimiento para usos con fines distintos de aqu\u00e9llos para los cuales los otorgaste inicialmente. Finalmente, te informamos que puedes retirar el consentimiento en cualquier momento, solo tendr\u00e1s que ponerte en contacto con nosotros a trav\u00e9s de los medios indicados en esta pol\u00edtica de privacidad.<\/li>\n<\/ul>\n<p>Para la respuesta a las solicitudes, el interesado deber\u00e1 proporcionar la informaci\u00f3n m\u00ednima solicitada. En caso contrato, no podr\u00e1n ser atendidas.<\/p>\n<p>&nbsp;<\/p>\n<p><strong>\u00bfDURANTE CU\u00c1NTO TRATAMOS LOS DATOS PERSONALES?<\/strong><\/p>\n<p>En <a href=\"http:\/\/www.vialcobus.com\">www.vialcobus.com<\/a> se tratan los datos personales durante los siguientes plazos:<\/p>\n<ul>\n<li>El periodo establecido por la ley<\/li>\n<li>El per\u00edodo necesario para cumplir con las obligaciones operativas<\/li>\n<\/ul>\n<p>Se conservar\u00e1n los datos durante el tiempo necesario para cumplir con la finalidad para la que se recabaron y para determinar las posibles responsabilidades que se pudieran derivar de dicha finalidad y del tratamiento de los datos, conforme las normativas anteriormente expuestas, adem\u00e1s de los periodos establecidos en la normativa de archivos y documentaci\u00f3n que sea de aplicaci\u00f3n.<\/p>\n<p><strong>\u00a0<\/strong><\/p>\n<p><strong>\u00bfCON QUI\u00c9N COMPARTIMOS LOS DATOS PERSONALES?<\/strong><\/p>\n<p>Para cumplir las finalidades anteriormente descritas, se puede compartir datos personales con:<\/p>\n<p>Proveedores de servicios que realizan servicios a nuestro nombre<\/p>\n<p>informamos que, con car\u00e1cter general, no se realizan transferencias internacionales fuera del Espacio Econ\u00f3mico Europeo (EEE). En el caso de que se produjera una transferencia de datos fuera del EEE, LA ORGANIZACI\u00d3N dispondr\u00e1 de las garant\u00edas adecuadas para realizar dicha transferencia, en virtud de los requerimientos que establece el Reglamento General de Protecci\u00f3n de Datos<\/p>\n<p><strong>\u00a0<\/strong><\/p>\n<p><strong>\u00bfQU\u00c9 DERECHOS PUEDES EJERCER?<\/strong><\/p>\n<p>Seg\u00fan la normativa europea los derechos que le asisten son los siguientes:<\/p>\n<ul>\n<li><strong>Acceso,<\/strong> derecho a solicitar informaci\u00f3n al responsable de un fichero sobre si sus datos personales est\u00e1n siendo tratados.<\/li>\n<li><strong>Rectificaci\u00f3n,<\/strong> derecho que permite a la persona afectada solicitar la modificaci\u00f3n de datos que sean inexactos o incompletos.<\/li>\n<li><strong>Oposici\u00f3n,<\/strong> derecho de una persona a oponerse al tratamiento de sus datos personales o el cese de \u00e9stos.<\/li>\n<li><strong>Decisiones individuales automatizadas<\/strong>, derecho a no ser objeto de una decisi\u00f3n basada \u00fanicamente en el tratamiento automatizado, incluida la elaboraci\u00f3n de perfiles, que produzca efectos jur\u00eddicos en \u00e9l o le afecte significativamente de modo similar<\/li>\n<li><strong>Limitaci\u00f3n,<\/strong> derecho a suspender el tratamiento de los datos personales del usuario en determinados supuestos<\/li>\n<li><strong>Supresi\u00f3n u Olvido<\/strong>, derecho a supresi\u00f3n de los datos personales del interesado<\/li>\n<li><strong>Portabilidad,<\/strong> derecho a solicitar al responsable del tratamiento que se le faciliten los datos personales en un formato estructurado y claro a otro responsable.<\/li>\n<\/ul>\n<p>&nbsp;<\/p>\n<p>El plazo m\u00e1ximo para la resoluci\u00f3n de la solicitud es de 30 d\u00edas desde su recepci\u00f3n, puede prorrogarse como m\u00e1ximo por un plazo de 2 meses siempre que sea necesario.<\/p>\n<p>El solicitante puede ejercer sus derechos a trav\u00e9s de los siguientes medios:<\/p>\n<ul>\n<li>Email a <a href=\"mailto:info@vialcobus.com\">info@vialcobus.com<\/a> aportando documentaci\u00f3n que acredite la identidad del solicitante (copia del anverso del Documento Nacional de Identidad, o equivalente)<\/li>\n<li>Correo postal a C\/ Colon, 32 46290, Alcasser (Valencia) aportando documentaci\u00f3n que acredite la identidad del solicitante (copia del anverso del Documento Nacional de Identidad, o equivalente)<\/li>\n<li>En cualquier caso, puede solicitar la tutela de la Agencia Espa\u00f1ola de Protecci\u00f3n de Datos a trav\u00e9s de su <a href=\"http:\/\/www.aepd.es\">p\u00e1gina web<\/a><\/li>\n<\/ul>\n<p>&nbsp;<\/p>\n<p><strong>CAMBIOS EN ESTA POLITICA DE PRIVACIDAD<\/strong><\/p>\n<p>Eventualmente, esta Pol\u00edtica de Privacidad puede ser revisada con el fin de actualizar los cambios en la legislaci\u00f3n vigente, actualizar los procedimientos de recogida y uso de la informaci\u00f3n de car\u00e1cter personal, la aparici\u00f3n de nuevos servicios o la exclusi\u00f3n de otros. Estos cambios ser\u00e1n vigentes a partir de su publicaci\u00f3n en la web, por lo que es importante que revises regularmente esta Pol\u00edtica de Privacidad con el fin de permanecer informado sobre los cambios habidos.[\/vc_column_text][vc_empty_space height=&#8221;100px&#8221;][\/vc_column][\/vc_row]<\/p>\n<\/div>","protected":false},"excerpt":{"rendered":"<p>[vc_row css_animation=&#8221;&#8221; row_type=&#8221;row&#8221; use_row_as_full_screen_section=&#8221;no&#8221; type=&#8221;grid&#8221; angled_section=&#8221;no&#8221; text_align=&#8221;center&#8221; background_image_as_pattern=&#8221;without_pattern&#8221; z_index=&#8221;&#8221;][vc_column][vc_empty_space height=&#8221;100px&#8221;][vc_column_text] POL\u00cdTICA DE PRIVACIDAD [\/vc_column_text][vc_empty_space][vc_column_text]Fecha de \u00faltima actualizaci\u00f3n: 28\/10\/2021 \u00bfQUI\u00c9N ES EL RESPONSABLE DEL TRATAMIENTO? Identidad del responsable. AUTOBUSES VIALCO SL (B46001632) Direcci\u00f3n f\u00edsica. C\/ COLON, 32 46290, ALCASSER (VALENCIA) Correo electr\u00f3nico. info@vialcobus.com Tel\u00e9fono. 961 230&#8230;<\/p>\n","protected":false},"author":3,"featured_media":0,"parent":0,"menu_order":0,"comment_status":"closed","ping_status":"closed","template":"","meta":{"_joinchat":[],"footnotes":""},"class_list":["post-1184","page","type-page","status-publish","hentry"],"_links":{"self":[{"href":"https:\/\/www.vialcobus.com\/en\/wp-json\/wp\/v2\/pages\/1184","targetHints":{"allow":["GET"]}}],"collection":[{"href":"https:\/\/www.vialcobus.com\/en\/wp-json\/wp\/v2\/pages"}],"about":[{"href":"https:\/\/www.vialcobus.com\/en\/wp-json\/wp\/v2\/types\/page"}],"author":[{"embeddable":true,"href":"https:\/\/www.vialcobus.com\/en\/wp-json\/wp\/v2\/users\/3"}],"replies":[{"embeddable":true,"href":"https:\/\/www.vialcobus.com\/en\/wp-json\/wp\/v2\/comments?post=1184"}],"version-history":[{"count":5,"href":"https:\/\/www.vialcobus.com\/en\/wp-json\/wp\/v2\/pages\/1184\/revisions"}],"predecessor-version":[{"id":1673,"href":"https:\/\/www.vialcobus.com\/en\/wp-json\/wp\/v2\/pages\/1184\/revisions\/1673"}],"wp:attachment":[{"href":"https:\/\/www.vialcobus.com\/en\/wp-json\/wp\/v2\/media?parent=1184"}],"curies":[{"name":"wp","href":"https:\/\/api.w.org\/{rel}","templated":true}]}}