{"id":1029,"date":"2018-04-27T10:54:24","date_gmt":"2018-04-27T10:54:24","guid":{"rendered":"https:\/\/www.vialcobus.com\/autobuses-para-bodas\/"},"modified":"2021-03-30T13:43:31","modified_gmt":"2021-03-30T13:43:31","slug":"autobus-per-matrimoni","status":"publish","type":"page","link":"https:\/\/www.vialcobus.com\/it\/autobus-per-matrimoni\/","title":{"rendered":"PRIVATI"},"content":{"rendered":"<div class=\"wpb-content-wrapper\"><p>[vc_row css_animation=&#8221;&#8221; row_type=&#8221;row&#8221; use_row_as_full_screen_section=&#8221;no&#8221; type=&#8221;full_width&#8221; angled_section=&#8221;no&#8221; text_align=&#8221;left&#8221; background_image_as_pattern=&#8221;without_pattern&#8221;][vc_column][vc_row_inner row_type=&#8221;row&#8221; type=&#8221;grid&#8221; text_align=&#8221;center&#8221; css_animation=&#8221;&#8221;][vc_column_inner][vc_empty_space height=&#8221;62px&#8221;][vc_column_text]<\/p>\n<h1 style=\"text-align: center;\">L\u2019autobus del tuo matrimonio<\/h1>\n<p>[\/vc_column_text][vc_empty_space height=&#8221;12px&#8221;][\/vc_column_inner][\/vc_row_inner][\/vc_column][\/vc_row][vc_row css_animation=&#8221;&#8221; row_type=&#8221;row&#8221; use_row_as_full_screen_section=&#8221;no&#8221; type=&#8221;full_width&#8221; angled_section=&#8221;no&#8221; text_align=&#8221;left&#8221; background_image_as_pattern=&#8221;without_pattern&#8221;][vc_column][vc_row_inner row_type=&#8221;row&#8221; type=&#8221;grid&#8221; text_align=&#8221;center&#8221; css_animation=&#8221;&#8221;][vc_column_inner][vc_column_text]<\/p>\n<h2 style=\"text-align: center;\">Garantisce il successo del tuo evento<\/h2>\n<p>[\/vc_column_text][vc_empty_space][vc_empty_space][\/vc_column_inner][\/vc_row_inner][\/vc_column][\/vc_row][vc_row css_animation=&#8221;&#8221; row_type=&#8221;row&#8221; use_row_as_full_screen_section=&#8221;no&#8221; type=&#8221;full_width&#8221; angled_section=&#8221;no&#8221; text_align=&#8221;left&#8221; background_image_as_pattern=&#8221;without_pattern&#8221;][vc_column][vc_row_inner row_type=&#8221;row&#8221; type=&#8221;grid&#8221; text_align=&#8221;center&#8221; css_animation=&#8221;&#8221;][vc_column_inner width=&#8221;1\/4&#8243;][vc_single_image image=&#8221;635&#8243; img_size=&#8221;120&#215;120&#8243; alignment=&#8221;center&#8221; qode_css_animation=&#8221;&#8221;][vc_empty_space height=&#8221;12px&#8221;][vc_column_text]<\/p>\n<h3 style=\"text-align: center;\">FESTE<\/h3>\n<p>[\/vc_column_text][vc_empty_space height=&#8221;12px&#8221;][vc_column_text]<\/p>\n<p style=\"text-align: center;\">Vuoi festeggiare? L\u2019autobus<\/p>\n<p style=\"text-align: center;\">ti porter\u00e0 in tutta sicurezza<\/p>\n<p>[\/vc_column_text][vc_empty_space][vc_column_text]<\/p>\n<div id=\"wp-ratedWA\" style=\"text-align: center;\"><a title=\"Autobuses Vialco, ganador Wedding Awards 2018 Bodas.net\" href=\"https:\/\/www.bodas.net\/autobuses\/autobuses-vialco--e60577\" target=\"_blank\" rel=\"noopener\"><br \/>\n<img loading=\"lazy\" decoding=\"async\" id=\"wp-ratedWA-img-2018\" src=\"https:\/\/cdn1.bodas.net\/img\/badges\/2018\/badge-weddingawards_es_ES.jpg\" alt=\"Autobuses Vialco, ganador Wedding Awards 2018 Bodas.net\" width=\"125\" height=\"125\" \/><br \/>\n<\/a><\/div>\n<p><script src=\"https:\/\/cdn1.bodas.net\/_js\/wp-rated.js?v=4\" type=\"text\/javascript\"><\/script><br \/>\n<script>wpShowRatedWAv3('60577','2018');<\/script>[\/vc_column_text][vc_empty_space][\/vc_column_inner][vc_column_inner width=&#8221;1\/4&#8243;][vc_single_image image=&#8221;634&#8243; img_size=&#8221;120&#215;120&#8243; alignment=&#8221;center&#8221; qode_css_animation=&#8221;&#8221;][vc_empty_space height=&#8221;12px&#8221;][vc_column_text]<\/p>\n<h3 style=\"text-align: center;\">EVENTI<\/h3>\n<p>[\/vc_column_text][vc_empty_space height=&#8221;12px&#8221;][vc_column_text]<\/p>\n<p style=\"text-align: center;\">Trasporto per grandi<\/p>\n<p style=\"text-align: center;\">eventi privati<\/p>\n<p>[\/vc_column_text][vc_empty_space][vc_column_text]<\/p>\n<div id=\"wp-ratedWA\" style=\"text-align: center;\">\n<div id=\"wp-ratedWA\" style=\"text-align: center;\"><a title=\"Autobuses Vialco, ganador Wedding Awards 2019 Bodas.net\" href=\"https:\/\/www.bodas.net\/autobuses\/autobuses-vialco--e60577\" target=\"_blank\" rel=\"noopener\"><br \/>\n<img loading=\"lazy\" decoding=\"async\" id=\"wp-ratedWA-img-2019\" src=\"https:\/\/cdn1.bodas.net\/img\/badges\/2019\/badge-weddingawards_es_ES.jpg\" alt=\"Autobuses Vialco, ganador Wedding Awards 2019 Bodas.net\" width=\"125\" height=\"125\" \/><br \/>\n<\/a><\/div>\n<p style=\"text-align: center;\"><script src=\"https:\/\/cdn1.bodas.net\/_js\/wp-rated.js?v=4\" type=\"text\/javascript\"><\/script><br \/>\n<script>wpShowRatedWAv3('60577','2019');<\/script><\/p>\n<\/div>\n<p>[\/vc_column_text][vc_empty_space][\/vc_column_inner][vc_column_inner width=&#8221;1\/4&#8243;][vc_single_image image=&#8221;636&#8243; img_size=&#8221;120&#215;120&#8243; alignment=&#8221;center&#8221; qode_css_animation=&#8221;&#8221;][vc_empty_space height=&#8221;12px&#8221;][vc_column_text]<\/p>\n<h3 style=\"text-align: center;\">MATRIMONI<\/h3>\n<p>[\/vc_column_text][vc_empty_space height=&#8221;12px&#8221;][vc_column_text]<\/p>\n<p style=\"text-align: center;\">Perch\u00e9 il grande giorno capita solo un giorno,<\/p>\n<p style=\"text-align: center;\">non pu\u00f2 andar male e nemmeno ripetersi<\/p>\n<p>[\/vc_column_text][vc_empty_space][vc_column_text]<\/p>\n<div id=\"wp-ratedWA\" style=\"text-align: center;\">\n<div id=\"wp-ratedWA\" style=\"text-align: center;\">\n<div id=\"wp-ratedWA\" style=\"text-align: center;\"><a title=\"Autobuses Vialco, ganador Wedding Awards 2020 Bodas.net\" href=\"https:\/\/www.bodas.net\/autobuses\/autobuses-vialco--e60577\" target=\"_blank\" rel=\"noopener\"><br \/>\n<img loading=\"lazy\" decoding=\"async\" id=\"wp-ratedWA-img-2020\" src=\"https:\/\/cdn1.bodas.net\/img\/badges\/2020\/badge-weddingawards_es_ES.jpg\" alt=\"Autobuses Vialco, ganador Wedding Awards 2020 Bodas.net\" width=\"125\" height=\"125\" \/><br \/>\n<\/a><\/div>\n<p style=\"text-align: center;\"><script src=\"https:\/\/cdn1.bodas.net\/_js\/wp-rated.js?v=4\" type=\"text\/javascript\"><\/script><br \/>\n<script>wpShowRatedWAv3('60577','2020');<\/script><\/p>\n<\/div>\n<\/div>\n<p>[\/vc_column_text][vc_empty_space][\/vc_column_inner][vc_column_inner width=&#8221;1\/4&#8243;][vc_single_image image=&#8221;637&#8243; img_size=&#8221;120&#215;120&#8243; alignment=&#8221;center&#8221; qode_css_animation=&#8221;&#8221;][vc_empty_space height=&#8221;12px&#8221;][vc_column_text]<\/p>\n<h3 style=\"text-align: center;\">ADDII AL NUBILATO\/CELIBATO<\/h3>\n<p>[\/vc_column_text][vc_empty_space height=&#8221;12px&#8221;][vc_column_text]<\/p>\n<p style=\"text-align: center;\">Single? Fai il tuo addio al nubilato\/celibato<\/p>\n<p style=\"text-align: center;\">alla grande, in totale comodit\u00e0<\/p>\n<p>[\/vc_column_text][vc_empty_space][vc_column_text]<\/p>\n<div id=\"wp-ratedWA\" style=\"text-align: center;\">\n<div id=\"wp-ratedWA\" style=\"text-align: center;\">\n<div id=\"wp-ratedWA\" style=\"text-align: center;\">\n<div id=\"wp-ratedWA\" style=\"text-align: center;\"><a title=\"Autobuses Vialco, ganador Wedding Awards 2021 Bodas.net\" href=\"https:\/\/www.bodas.net\/autobuses\/autobuses-vialco--e60577\" target=\"_blank\" rel=\"noopener\"><br \/>\n<img loading=\"lazy\" decoding=\"async\" id=\"wp-ratedWA-img-2021\" src=\"https:\/\/cdn1.bodas.net\/img\/badges\/2021\/badge-weddingawards_es_ES.jpg\" alt=\"Autobuses Vialco, ganador Wedding Awards 2021 Bodas.net\" width=\"125\" height=\"125\" \/><br \/>\n<\/a><\/div>\n<p style=\"text-align: center;\"><script src=\"https:\/\/cdn1.bodas.net\/_js\/wp-rated.js?v=4\" type=\"text\/javascript\"><\/script><br \/>\n<script>wpShowRatedWAv3('60577','2021');<\/script><\/p>\n<\/div>\n<\/div>\n<\/div>\n<p>[\/vc_column_text][vc_empty_space][\/vc_column_inner][\/vc_row_inner][\/vc_column][\/vc_row][vc_row css_animation=&#8221;&#8221; row_type=&#8221;row&#8221; use_row_as_full_screen_section=&#8221;no&#8221; type=&#8221;full_width&#8221; angled_section=&#8221;no&#8221; text_align=&#8221;left&#8221; background_image_as_pattern=&#8221;without_pattern&#8221;][vc_column][vc_row_inner row_type=&#8221;row&#8221; type=&#8221;grid&#8221; text_align=&#8221;center&#8221; css_animation=&#8221;&#8221;][vc_column_inner][vc_empty_space][vc_column_text]<\/p>\n<h2 style=\"text-align: center;\">Noleggio di Autobus con autista per le tue feste<\/h2>\n<p>[\/vc_column_text][vc_empty_space][\/vc_column_inner][\/vc_row_inner][\/vc_column][\/vc_row][vc_row css_animation=&#8221;&#8221; row_type=&#8221;row&#8221; use_row_as_full_screen_section=&#8221;no&#8221; type=&#8221;full_width&#8221; angled_section=&#8221;no&#8221; text_align=&#8221;left&#8221; background_image_as_pattern=&#8221;without_pattern&#8221;][vc_column][vc_row_inner row_type=&#8221;row&#8221; type=&#8221;grid&#8221; text_align=&#8221;center&#8221; css_animation=&#8221;&#8221;][vc_column_inner width=&#8221;1\/2&#8243;][vc_column_text]<\/p>\n<p style=\"text-align: left;\">Alcuni eventi richiedono un&#8217;attenzione particolare. Investiamo in essi tutti i nostri sforzi perch\u00e9 sono irripetibili e, solitamente, hanno a che fare con coloro che amiamo di pi\u00f9: la famiglia e gli amici. Quando arriva il momento, cui vogliamo goderci la festa e riponiamo tutta la nostra fiducia in professionisti per far s\u00ec che gestiscano ogni dettaglio dell&#8217;evento.<\/p>\n<p style=\"text-align: left;\">Autobuses Vialco si \u00e8 guadagnata la <strong>fiducia degli utenti<\/strong> che ci delegano la gestione del trasporto dei loro eventi pi\u00f9 importanti. La reputazione di un&#8217;azienda \u00e8 dovuta a tutti gli utenti che utilizzano i suoi servizi. Questo \u00e8 il motivo per cui ogni nostro cliente \u00e8 unico e importante per noi.<\/p>\n<p style=\"text-align: left;\">Vialco mette a disposizione dell&#8217;utente privato il servizio di <strong>noleggio autobus con autista<\/strong> per l&#8217;organizzazione di <strong>eventi sociali<\/strong>: addio al celibato\/nubilato, matrimoni, battesimi, feste, eventi in generale ed escursioni.<\/p>\n<p style=\"text-align: left;\">Affinch\u00e9 il tuo evento sia un successo, <strong>Vialco ti offre consigli<\/strong> in ogni momento. Il nostro obiettivo \u00e8 che, quando arriva il giorno, puoi goderti la festa in tutta tranquillit\u00e0. Le seguenti <strong>raccomandazioni <\/strong>saranno molto utili per l&#8217;organizzazione del tuo matrimonio. Tienile bene a mente anche per altri eventi.<\/p>\n<p style=\"text-align: left;\"><strong>Per la pianificazione del trasporto:<\/strong><\/p>\n<p style=\"text-align: left;\">\u2013 Organizza il trasporto per il tuo matrimonio <strong>in anticipo<\/strong> e confermare il servizio di autobus per la tua tranquillit\u00e0.<\/p>\n<p style=\"text-align: left;\">\u2013 Pensa che la <strong>previsione<\/strong> facilita la gestione e consente di ottenere servizi pi\u00f9 economici.<\/p>\n<p>[\/vc_column_text][vc_empty_space][\/vc_column_inner][vc_column_inner width=&#8221;1\/2&#8243;][vc_column_text]<\/p>\n<p style=\"text-align: left;\">\u2013 Utilizza il biglietto d&#8217;invito per informare ed essere informato: chiedi ai partecipanti se intendono utilizzare l&#8217;autobus messo a disposizione per loro o, al contrario, se preferiscono utilizzare i propri mezzi. Affinch\u00e9 possano prendere la decisione migliore, informarli dell&#8217;orario con i ritorni.<\/p>\n<p style=\"text-align: left;\">\u2013 Tieni presente che, in generale, la met\u00e0 degli invitati accetter\u00e0 la tua proposta per facilitare il loro spostamento.<\/p>\n<p style=\"text-align: left;\">\u2013 Pensa che la tua proposta di trasporto sar\u00e0 una soluzione per la maggior parte degli invitati che partecipano all&#8217;evento da altre citt\u00e0 senza i propri mezzi.<\/p>\n<p style=\"text-align: left;\">\u2013 Scegli come punto di incontro un luogo grande e facilmente accessibile per gli autobus, ad esempio un viale o una piazza.<\/p>\n<p style=\"text-align: left;\"><strong>Per il giorno della festa:<\/strong><\/p>\n<p style=\"text-align: left;\">\u2013\u00a0<strong>Nomina un responsabile<\/strong>\u00a0del trasporto. Deve essere una persona molto affidabile che possa informare gli invitati sulle partenze degli autobus.<\/p>\n<p style=\"text-align: left;\">\u2013 Per la fine della festa e il ritorno degli invitati dal luogo della festa, <strong>indica degli orari<\/strong>: gli anziani e le famiglie con bambini preferiscono tornare prima, i giovani con meno impegni tendono ad approfittare della festa fino alla fine.<\/p>\n<p style=\"text-align: left;\">Noi di Autobuses Vialco metteremo tutti i mezzi a disposizione affinch\u00e9 il tuo evento abbia successo e possa goderti una giornata indimenticabile. Ti forniremo, per la tua soddisfazione, il know-how e la professionalit\u00e0 di un grande team.<\/p>\n<p>[\/vc_column_text][vc_empty_space][\/vc_column_inner][\/vc_row_inner][\/vc_column][\/vc_row][vc_row css_animation=&#8221;&#8221; row_type=&#8221;row&#8221; use_row_as_full_screen_section=&#8221;no&#8221; type=&#8221;grid&#8221; angled_section=&#8221;no&#8221; text_align=&#8221;center&#8221; background_image_as_pattern=&#8221;without_pattern&#8221; z_index=&#8221;&#8221; css=&#8221;.vc_custom_1524818618349{background-color: #dddddd !important;}&#8221;][vc_column width=&#8221;1\/2&#8243;][vc_empty_space height=&#8221;52px&#8221;][vc_column_text]\n<div class=\"wpcf7 no-js\" id=\"wpcf7-f1100-o1\" lang=\"es-ES\" dir=\"ltr\" data-wpcf7-id=\"1100\">\n<div class=\"screen-reader-response\"><p role=\"status\" aria-live=\"polite\" aria-atomic=\"true\"><\/p> <ul><\/ul><\/div>\n<form action=\"\/it\/wp-json\/wp\/v2\/pages\/1029#wpcf7-f1100-o1\" method=\"post\" class=\"wpcf7-form init\" aria-label=\"Formulario de contacto\" novalidate=\"novalidate\" data-status=\"init\">\n<fieldset class=\"hidden-fields-container\"><input type=\"hidden\" name=\"_wpcf7\" value=\"1100\" \/><input type=\"hidden\" name=\"_wpcf7_version\" value=\"6.1.5\" \/><input type=\"hidden\" name=\"_wpcf7_locale\" value=\"es_ES\" \/><input type=\"hidden\" name=\"_wpcf7_unit_tag\" value=\"wpcf7-f1100-o1\" \/><input type=\"hidden\" name=\"_wpcf7_container_post\" value=\"0\" \/><input type=\"hidden\" name=\"_wpcf7_posted_data_hash\" value=\"\" \/><input type=\"hidden\" name=\"_wpcf7_recaptcha_response\" value=\"\" \/>\n<\/fieldset>\n<div class=\"vc_col-sm-9\" >\n\t<p><span class=\"wpcf7-form-control-wrap\" data-name=\"email\"><input size=\"40\" maxlength=\"400\" class=\"wpcf7-form-control wpcf7-email wpcf7-validates-as-required wpcf7-text wpcf7-validates-as-email\" aria-required=\"true\" aria-invalid=\"false\" value=\"E-mail\" type=\"email\" name=\"email\" \/><\/span>\n\t<\/p>\n<\/div>\n<div class=\"vc_col-sm-3\" style=\"margin-top:10px; \" class=\"color;\">\n\t<p><input class=\"wpcf7-form-control wpcf7-submit has-spinner\" type=\"submit\" value=\"REGISTRARE\" \/>\n\t<\/p>\n<\/div>\n<div class=\"vc_col-sm-12\" style=\" margin: 20px 0 40px -20px; \" >\n\t<p>RESPONSABILE DEL TRATTAMENTO: AUTOBUS VIALCO SL.<br \/>\nFINALIT\u00c0 DEL TRATTAMENTO DEI DATI: Rispondere alle richieste di informazioni e preventivi pervenute.<br \/>\nLEGITTIMAZIONE NEL TRATTAMENTO DEI SUOI \u200b\u200bDATI: Consenso dell'interessato.<br \/>\nDIRITTI DEGLI INTERESSATI: Puoi esercitare i tuoi diritti in materia di protezione dei dati (accesso, rettifica, opposizione, cancellazione, decisioni automatizzate, limitazione del trattamento, portabilit\u00e0) tramite e-mail all'indirizzo <a href=\"mailto:info@vialcobus.com\"> info @vialcobus. com<\/a>. In ogni caso, puoi richiedere la protezione dell'Agenzia spagnola per la protezione dei dati attraverso il suo sito web <a href=\"https:\/\/www.aepd.es\" target=\"_blank\">www.aepd.es<\/ a>. Puoi consultare ulteriori informazioni nella <\/a><a href=\"\/politica-de-privacidad\/\" target=\"_blank\"> Informativa sulla privacy<\/a>.<br \/>\n<span class=\"wpcf7-form-control-wrap\" data-name=\"acceptance-376\"><span class=\"wpcf7-form-control wpcf7-acceptance\"><span class=\"wpcf7-list-item\"><label><input type=\"checkbox\" name=\"acceptance-376\" value=\"1\" aria-invalid=\"false\" \/><span class=\"wpcf7-list-item-label\">Ho letto e accetto la  <a href=\"\/politica-de-privacidad\/\" target=\"_blank\"> Politica sulla Privacy<\/a><\/span><\/label><\/span><\/span><\/span>\n\t<\/p>\n<\/div><div class=\"wpcf7-response-output\" aria-hidden=\"true\"><\/div>\n<\/form>\n<\/div>\n[\/vc_column_text][vc_empty_space height=&#8221;52px&#8221;][\/vc_column][vc_column width=&#8221;1\/2&#8243;][vc_empty_space][vc_column_text]<\/p>\n<h4 style=\"text-align: center;\"><span style=\"vertical-align: inherit;\">RESTA CONNESSO<\/span><\/h4>\n<p style=\"text-align: center;\">Scopri le novit\u00e0 di Vialco attraverso<\/p>\n<p style=\"text-align: center;\">i nostri social network ufficiali.<\/p>\n<p>[\/vc_column_text][vc_row_inner row_type=&#8221;row&#8221; type=&#8221;full_width&#8221; text_align=&#8221;center&#8221; css_animation=&#8221;&#8221;][vc_column_inner][vc_widget_sidebar sidebar_id=&#8221;Newletter&#8221;][\/vc_column_inner][\/vc_row_inner][\/vc_column][\/vc_row]<\/p>\n<\/div>","protected":false},"excerpt":{"rendered":"<p>[vc_row css_animation=&#8221;&#8221; row_type=&#8221;row&#8221; use_row_as_full_screen_section=&#8221;no&#8221; type=&#8221;full_width&#8221; angled_section=&#8221;no&#8221; text_align=&#8221;left&#8221; background_image_as_pattern=&#8221;without_pattern&#8221;][vc_column][vc_row_inner row_type=&#8221;row&#8221; type=&#8221;grid&#8221; text_align=&#8221;center&#8221; css_animation=&#8221;&#8221;][vc_column_inner][vc_empty_space height=&#8221;62px&#8221;][vc_column_text] L\u2019autobus del tuo matrimonio [\/vc_column_text][vc_empty_space height=&#8221;12px&#8221;][\/vc_column_inner][\/vc_row_inner][\/vc_column][\/vc_row][vc_row css_animation=&#8221;&#8221; row_type=&#8221;row&#8221; use_row_as_full_screen_section=&#8221;no&#8221; type=&#8221;full_width&#8221; angled_section=&#8221;no&#8221; text_align=&#8221;left&#8221; background_image_as_pattern=&#8221;without_pattern&#8221;][vc_column][vc_row_inner row_type=&#8221;row&#8221; type=&#8221;grid&#8221; text_align=&#8221;center&#8221; css_animation=&#8221;&#8221;][vc_column_inner][vc_column_text] Garantisce il successo del tuo evento [\/vc_column_text][vc_empty_space][vc_empty_space][\/vc_column_inner][\/vc_row_inner][\/vc_column][\/vc_row][vc_row css_animation=&#8221;&#8221; row_type=&#8221;row&#8221; use_row_as_full_screen_section=&#8221;no&#8221; type=&#8221;full_width&#8221; angled_section=&#8221;no&#8221; text_align=&#8221;left&#8221; background_image_as_pattern=&#8221;without_pattern&#8221;][vc_column][vc_row_inner row_type=&#8221;row&#8221;&#8230;<\/p>\n","protected":false},"author":3,"featured_media":0,"parent":0,"menu_order":0,"comment_status":"closed","ping_status":"closed","template":"full_width.php","meta":{"_joinchat":[],"footnotes":""},"class_list":["post-1029","page","type-page","status-publish","hentry"],"_links":{"self":[{"href":"https:\/\/www.vialcobus.com\/it\/wp-json\/wp\/v2\/pages\/1029","targetHints":{"allow":["GET"]}}],"collection":[{"href":"https:\/\/www.vialcobus.com\/it\/wp-json\/wp\/v2\/pages"}],"about":[{"href":"https:\/\/www.vialcobus.com\/it\/wp-json\/wp\/v2\/types\/page"}],"author":[{"embeddable":true,"href":"https:\/\/www.vialcobus.com\/it\/wp-json\/wp\/v2\/users\/3"}],"replies":[{"embeddable":true,"href":"https:\/\/www.vialcobus.com\/it\/wp-json\/wp\/v2\/comments?post=1029"}],"version-history":[{"count":8,"href":"https:\/\/www.vialcobus.com\/it\/wp-json\/wp\/v2\/pages\/1029\/revisions"}],"predecessor-version":[{"id":1344,"href":"https:\/\/www.vialcobus.com\/it\/wp-json\/wp\/v2\/pages\/1029\/revisions\/1344"}],"wp:attachment":[{"href":"https:\/\/www.vialcobus.com\/it\/wp-json\/wp\/v2\/media?parent=1029"}],"curies":[{"name":"wp","href":"https:\/\/api.w.org\/{rel}","templated":true}]}}