{"id":995,"date":"2018-04-27T07:20:48","date_gmt":"2018-04-27T07:20:48","guid":{"rendered":"https:\/\/www.vialcobus.com\/empresa\/"},"modified":"2019-11-27T09:20:05","modified_gmt":"2019-11-27T09:20:05","slug":"azienda","status":"publish","type":"page","link":"https:\/\/www.vialcobus.com\/it\/azienda\/","title":{"rendered":"Azienda"},"content":{"rendered":"<div class=\"wpb-content-wrapper\"><p>[vc_row row_type=&#8221;parallax&#8221; parallax_content_width=&#8221;full_width&#8221; text_align=&#8221;center&#8221; full_screen_section_height=&#8221;no&#8221;][vc_column][vc_row_inner row_type=&#8221;row&#8221; type=&#8221;grid&#8221; text_align=&#8221;left&#8221; css_animation=&#8221;&#8221;][vc_column_inner][vc_empty_space height=&#8221;62px&#8221;][vc_column_text]<\/p>\n<h1 style=\"text-align: center;\">L\u2019azienda<\/h1>\n<p>[\/vc_column_text][vc_empty_space height=&#8221;12px&#8221;][vc_column_text]Autobuses Vialco \u00e8 una societ\u00e0 specializzata nel trasporto di passeggeri, formata da un team altamente qualificato. Nel suo DNA ha valori profondamente radicati che costituiscono uno stile di gestione orientato al miglioramento continuo, ad un servizio clienti eccellente e all&#8217;estremo rispetto delle normative in tutti i settori.[\/vc_column_text][vc_empty_space][vc_empty_space][\/vc_column_inner][\/vc_row_inner][vc_row_inner row_type=&#8221;row&#8221; type=&#8221;grid&#8221; text_align=&#8221;left&#8221; css_animation=&#8221;&#8221;][vc_column_inner width=&#8221;1\/2&#8243;][vc_column_text]<\/p>\n<h2 style=\"text-align: center;\">I mezzi<\/h2>\n<p>[\/vc_column_text][vc_empty_space][vc_column_text]Il nostro asset principale \u00e8 un <strong>team<\/strong> unito, altamente qualificato e dotato della formazione continua necessaria per l&#8217;esecuzione delle responsabilit\u00e0 assegnate in ciascuna delle aree: gestione, amministrazione, logistica, trasporto, personale ausiliario e manutenzione. Durante l&#8217;alta stagione abbiamo fino a cento collaboratori.<\/p>\n<p>&nbsp;<\/p>\n<p>Autobuses Vialco dispone di una <strong>grande flotta<\/strong> di oltre cinquanta autobus, minibus e minivan. Il nostro parcheggio per gli autobus ha un&#8217;et\u00e0 media di quattro anni, costantemente monitorato dal nostro team di meccanici, ed \u00e8 quindi altamente affidabile.<\/p>\n<p>&nbsp;<\/p>\n<p>Uno dei nostri pilastri principali sono le <strong>strutture<\/strong> di Picassent, Alcasser ed Enguera. Questi ci permettono di offrire il miglior servizio ai nostri utenti lungo la strada N340. Abbiamo anche due uffici commerciali a Picassent e nel centro di Valencia, il che ci permette di essere in stretto contatto con le istituzioni e i principali protagonisti del settore.[\/vc_column_text][\/vc_column_inner][vc_column_inner width=&#8221;1\/2&#8243;][vc_column_text]<\/p>\n<h2 style=\"text-align: center;\">Le nostre certificazioni<\/h2>\n<p>[\/vc_column_text][vc_empty_space][vc_column_text]Autobuses Vialco si impegna ogni giorno per promuovere l&#8217;eccellenza tra i suoi collaboratori, per ottenere il riconoscimento da parte dei nostri passeggeri e delle nostre istituzioni, nonch\u00e9 per mantenere i sigilli che certificano il nostro impegno a lavorare in modo coscienzioso.<\/p>\n<p>Lavoriamo a stretto contatto con la <strong>Agencia de Certificaci\u00f3n de la Calidad y del Medio Ambiente, ACCM (Agenzia di Certificazione di Qualit\u00e0 e Ambientale)<\/strong>, che certifica la conformit\u00e0 alle norme <strong>ISO 13816<\/strong> per i Trasporti, Logistica e Servizi, <strong>ISO 9001<\/strong> per la Gestione della Qualit\u00e0 e <strong>ISO 14001<\/strong> per la <strong>Gestione Ambientale<\/strong>.[\/vc_column_text][vc_empty_space][vc_column_text]<\/p>\n<h2 style=\"text-align: center;\">Un\u2019azienda storica<\/h2>\n<p>[\/vc_column_text][vc_empty_space][vc_column_text]Autobuses Vialco \u00e8 un&#8217;azienda con una lunga storia. Nel 1929, Vicente Gil Ramirez, il nonno dell&#8217;attuale direzione, fond\u00f2 &#8220;La Alcacerense&#8221; iniziando il suo percorso sostituendo le tartane che realizzavano il viaggio dalle citt\u00e0 di Picassent, Alc\u00e0sser e Albal alla citt\u00e0 di Valencia.[\/vc_column_text][\/vc_column_inner][\/vc_row_inner][vc_empty_space][\/vc_column][\/vc_row][vc_row css_animation=&#8221;&#8221; row_type=&#8221;row&#8221; use_row_as_full_screen_section=&#8221;no&#8221; type=&#8221;grid&#8221; angled_section=&#8221;no&#8221; text_align=&#8221;center&#8221; background_image_as_pattern=&#8221;without_pattern&#8221; z_index=&#8221;&#8221; css=&#8221;.vc_custom_1524818618349{background-color: #dddddd !important;}&#8221;][vc_column width=&#8221;1\/2&#8243;][vc_empty_space height=&#8221;52px&#8221;][vc_column_text]\n<div class=\"wpcf7 no-js\" id=\"wpcf7-f1100-o1\" lang=\"es-ES\" dir=\"ltr\" data-wpcf7-id=\"1100\">\n<div class=\"screen-reader-response\"><p role=\"status\" aria-live=\"polite\" aria-atomic=\"true\"><\/p> <ul><\/ul><\/div>\n<form action=\"\/it\/wp-json\/wp\/v2\/pages\/995#wpcf7-f1100-o1\" method=\"post\" class=\"wpcf7-form init\" aria-label=\"Formulario de contacto\" novalidate=\"novalidate\" data-status=\"init\">\n<fieldset class=\"hidden-fields-container\"><input type=\"hidden\" name=\"_wpcf7\" value=\"1100\" \/><input type=\"hidden\" name=\"_wpcf7_version\" value=\"6.1.5\" \/><input type=\"hidden\" name=\"_wpcf7_locale\" value=\"es_ES\" \/><input type=\"hidden\" name=\"_wpcf7_unit_tag\" value=\"wpcf7-f1100-o1\" \/><input type=\"hidden\" name=\"_wpcf7_container_post\" value=\"0\" \/><input type=\"hidden\" name=\"_wpcf7_posted_data_hash\" value=\"\" \/><input type=\"hidden\" name=\"_wpcf7_recaptcha_response\" value=\"\" \/>\n<\/fieldset>\n<div class=\"vc_col-sm-9\" >\n\t<p><span class=\"wpcf7-form-control-wrap\" data-name=\"email\"><input size=\"40\" maxlength=\"400\" class=\"wpcf7-form-control wpcf7-email wpcf7-validates-as-required wpcf7-text wpcf7-validates-as-email\" aria-required=\"true\" aria-invalid=\"false\" value=\"E-mail\" type=\"email\" name=\"email\" \/><\/span>\n\t<\/p>\n<\/div>\n<div class=\"vc_col-sm-3\" style=\"margin-top:10px; \" class=\"color;\">\n\t<p><input class=\"wpcf7-form-control wpcf7-submit has-spinner\" type=\"submit\" value=\"REGISTRARE\" \/>\n\t<\/p>\n<\/div>\n<div class=\"vc_col-sm-12\" style=\" margin: 20px 0 40px -20px; \" >\n\t<p>RESPONSABILE DEL TRATTAMENTO: AUTOBUS VIALCO SL.<br \/>\nFINALIT\u00c0 DEL TRATTAMENTO DEI DATI: Rispondere alle richieste di informazioni e preventivi pervenute.<br \/>\nLEGITTIMAZIONE NEL TRATTAMENTO DEI SUOI \u200b\u200bDATI: Consenso dell'interessato.<br \/>\nDIRITTI DEGLI INTERESSATI: Puoi esercitare i tuoi diritti in materia di protezione dei dati (accesso, rettifica, opposizione, cancellazione, decisioni automatizzate, limitazione del trattamento, portabilit\u00e0) tramite e-mail all'indirizzo <a href=\"mailto:info@vialcobus.com\"> info @vialcobus. com<\/a>. In ogni caso, puoi richiedere la protezione dell'Agenzia spagnola per la protezione dei dati attraverso il suo sito web <a href=\"https:\/\/www.aepd.es\" target=\"_blank\">www.aepd.es<\/ a>. Puoi consultare ulteriori informazioni nella <\/a><a href=\"\/politica-de-privacidad\/\" target=\"_blank\"> Informativa sulla privacy<\/a>.<br \/>\n<span class=\"wpcf7-form-control-wrap\" data-name=\"acceptance-376\"><span class=\"wpcf7-form-control wpcf7-acceptance\"><span class=\"wpcf7-list-item\"><label><input type=\"checkbox\" name=\"acceptance-376\" value=\"1\" aria-invalid=\"false\" \/><span class=\"wpcf7-list-item-label\">Ho letto e accetto la  <a href=\"\/politica-de-privacidad\/\" target=\"_blank\"> Politica sulla Privacy<\/a><\/span><\/label><\/span><\/span><\/span>\n\t<\/p>\n<\/div><div class=\"wpcf7-response-output\" aria-hidden=\"true\"><\/div>\n<\/form>\n<\/div>\n[\/vc_column_text][vc_empty_space height=&#8221;52px&#8221;][\/vc_column][vc_column width=&#8221;1\/2&#8243;][vc_empty_space][vc_column_text]<\/p>\n<h4 style=\"text-align: center;\"><span style=\"vertical-align: inherit;\">RESTA CONNESSO<\/span><\/h4>\n<p style=\"text-align: center;\">Scopri le novit\u00e0 di Vialco attraverso<br \/>\ni nostri social network ufficiali.<\/p>\n<p>[\/vc_column_text][vc_row_inner row_type=&#8221;row&#8221; type=&#8221;full_width&#8221; text_align=&#8221;center&#8221; css_animation=&#8221;&#8221;][vc_column_inner][vc_widget_sidebar sidebar_id=&#8221;Newletter&#8221;][\/vc_column_inner][\/vc_row_inner][\/vc_column][\/vc_row]<\/p>\n<\/div>","protected":false},"excerpt":{"rendered":"<p>[vc_row row_type=&#8221;parallax&#8221; parallax_content_width=&#8221;full_width&#8221; text_align=&#8221;center&#8221; full_screen_section_height=&#8221;no&#8221;][vc_column][vc_row_inner row_type=&#8221;row&#8221; type=&#8221;grid&#8221; text_align=&#8221;left&#8221; css_animation=&#8221;&#8221;][vc_column_inner][vc_empty_space height=&#8221;62px&#8221;][vc_column_text] L\u2019azienda [\/vc_column_text][vc_empty_space height=&#8221;12px&#8221;][vc_column_text]Autobuses Vialco \u00e8 una societ\u00e0 specializzata nel trasporto di passeggeri, formata da un team altamente qualificato. Nel suo DNA ha valori profondamente radicati che costituiscono uno stile di gestione orientato al miglioramento continuo,&#8230;<\/p>\n","protected":false},"author":3,"featured_media":0,"parent":0,"menu_order":0,"comment_status":"closed","ping_status":"closed","template":"full_width.php","meta":{"_joinchat":[],"footnotes":""},"class_list":["post-995","page","type-page","status-publish","hentry"],"_links":{"self":[{"href":"https:\/\/www.vialcobus.com\/it\/wp-json\/wp\/v2\/pages\/995","targetHints":{"allow":["GET"]}}],"collection":[{"href":"https:\/\/www.vialcobus.com\/it\/wp-json\/wp\/v2\/pages"}],"about":[{"href":"https:\/\/www.vialcobus.com\/it\/wp-json\/wp\/v2\/types\/page"}],"author":[{"embeddable":true,"href":"https:\/\/www.vialcobus.com\/it\/wp-json\/wp\/v2\/users\/3"}],"replies":[{"embeddable":true,"href":"https:\/\/www.vialcobus.com\/it\/wp-json\/wp\/v2\/comments?post=995"}],"version-history":[{"count":4,"href":"https:\/\/www.vialcobus.com\/it\/wp-json\/wp\/v2\/pages\/995\/revisions"}],"predecessor-version":[{"id":1117,"href":"https:\/\/www.vialcobus.com\/it\/wp-json\/wp\/v2\/pages\/995\/revisions\/1117"}],"wp:attachment":[{"href":"https:\/\/www.vialcobus.com\/it\/wp-json\/wp\/v2\/media?parent=995"}],"curies":[{"name":"wp","href":"https:\/\/api.w.org\/{rel}","templated":true}]}}